{"id":1828,"date":"2026-04-17T09:17:16","date_gmt":"2026-04-17T09:17:16","guid":{"rendered":"https:\/\/brasillacrosse.com\/?page_id=1828"},"modified":"2026-04-17T09:17:59","modified_gmt":"2026-04-17T09:17:59","slug":"u20-women","status":"publish","type":"page","link":"https:\/\/brasillacrosse.com\/pt\/u20-women\/","title":{"rendered":"Sele\u00e7\u00e3o Feminina Sub-20"},"content":{"rendered":"<div data-elementor-type=\"wp-page\" data-elementor-id=\"1828\" class=\"elementor elementor-1828\">\n\t\t\t\t\t\t<section class=\"elementor-section elementor-top-section elementor-element elementor-element-6eb9a91 elementor-section-full_width elementor-section-height-default elementor-section-height-default\" data-id=\"6eb9a91\" data-element_type=\"section\" data-e-type=\"section\" data-settings=\"{&quot;background_background&quot;:&quot;classic&quot;}\">\n\t\t\t\t\t\t\t<div class=\"elementor-background-overlay\"><\/div>\n\t\t\t\t\t\t\t<div class=\"elementor-container elementor-column-gap-default\">\n\t\t\t\t\t<div class=\"elementor-column elementor-col-100 elementor-top-column elementor-element elementor-element-2bd296c\" data-id=\"2bd296c\" data-element_type=\"column\" data-e-type=\"column\">\n\t\t\t<div class=\"elementor-widget-wrap elementor-element-populated\">\n\t\t\t\t\t\t<section class=\"elementor-section elementor-inner-section elementor-element elementor-element-55957d2 elementor-section-full_width elementor-section-height-default elementor-section-height-default\" data-id=\"55957d2\" data-element_type=\"section\" data-e-type=\"section\">\n\t\t\t\t\t\t<div class=\"elementor-container elementor-column-gap-default\">\n\t\t\t\t\t<div class=\"elementor-column elementor-col-100 elementor-inner-column elementor-element elementor-element-e68d215\" data-id=\"e68d215\" data-element_type=\"column\" data-e-type=\"column\">\n\t\t\t<div class=\"elementor-widget-wrap elementor-element-populated\">\n\t\t\t\t\t\t<div class=\"elementor-element elementor-element-bec5e43 elementor-widget elementor-widget-elementskit-heading\" data-id=\"bec5e43\" data-element_type=\"widget\" data-e-type=\"widget\" data-widget_type=\"elementskit-heading.default\">\n\t\t\t\t<div class=\"elementor-widget-container\">\n\t\t\t\t\t<div class=\"ekit-wid-con\" ><div class=\"ekit-heading elementskit-section-title-wraper text_center   ekit_heading_tablet-   ekit_heading_mobile-text_center\"><h3 class=\"elementskit-section-subtitle\">\n\t\t\t\t\t\tCBL\n\t\t\t\t\t<\/h3><h1 class=\"ekit-heading--title elementskit-section-title\">Sele\u00e7\u00e3o Feminina Sub-20<\/h1><div class=\"ekit_heading_separetor_wraper ekit_heading_elementskit-border-divider ekit-dotted\"><div class=\"elementskit-border-divider ekit-dotted\"><\/div><\/div>\t\t\t\t<div class='ekit-heading__description'>\n\t\t\t\t\t<p>U20 refers to the international under\u201120 women\u2019s age category, formerly U19. These teams compete in the World Lacrosse Women\u2019s U20 Championship every four years<\/p>\n\t\t\t\t<\/div>\n\t\t\t<\/div><\/div>\t\t\t\t<\/div>\n\t\t\t\t<\/div>\n\t\t\t\t\t<\/div>\n\t\t<\/div>\n\t\t\t\t\t<\/div>\n\t\t<\/section>\n\t\t\t\t\t<\/div>\n\t\t<\/div>\n\t\t\t\t\t<\/div>\n\t\t<\/section>\n\t\t\t\t<section class=\"elementor-section elementor-top-section elementor-element elementor-element-979cae3 elementor-reverse-tablet elementor-reverse-mobile elementor-section-full_width elementor-section-height-default elementor-section-height-default\" data-id=\"979cae3\" data-element_type=\"section\" data-e-type=\"section\">\n\t\t\t\t\t\t<div class=\"elementor-container elementor-column-gap-default\">\n\t\t\t\t\t<div class=\"elementor-column elementor-col-50 elementor-top-column elementor-element elementor-element-253dca8\" data-id=\"253dca8\" data-element_type=\"column\" data-e-type=\"column\" data-settings=\"{&quot;background_background&quot;:&quot;classic&quot;}\">\n\t\t\t<div class=\"elementor-widget-wrap elementor-element-populated\">\n\t\t\t\t\t\t<div class=\"elementor-element elementor-element-8b0bb00 elementor-widget elementor-widget-spacer\" data-id=\"8b0bb00\" data-element_type=\"widget\" data-e-type=\"widget\" data-widget_type=\"spacer.default\">\n\t\t\t\t<div class=\"elementor-widget-container\">\n\t\t\t\t\t\t\t<div class=\"elementor-spacer\">\n\t\t\t<div class=\"elementor-spacer-inner\"><\/div>\n\t\t<\/div>\n\t\t\t\t\t\t<\/div>\n\t\t\t\t<\/div>\n\t\t\t\t\t<\/div>\n\t\t<\/div>\n\t\t\t\t<div class=\"elementor-column elementor-col-50 elementor-top-column elementor-element elementor-element-68dfee0\" data-id=\"68dfee0\" data-element_type=\"column\" data-e-type=\"column\">\n\t\t\t<div class=\"elementor-widget-wrap elementor-element-populated\">\n\t\t\t\t\t\t<div class=\"elementor-element elementor-element-79b9204 elementor-widget elementor-widget-elementskit-heading\" data-id=\"79b9204\" data-element_type=\"widget\" data-e-type=\"widget\" data-widget_type=\"elementskit-heading.default\">\n\t\t\t\t<div class=\"elementor-widget-container\">\n\t\t\t\t\t<div class=\"ekit-wid-con\" ><div class=\"ekit-heading elementskit-section-title-wraper text_left   ekit_heading_tablet-   ekit_heading_mobile-text_center\"><h2 class=\"ekit-heading--title elementskit-section-title\">Sele\u00e7\u00e3o Feminina Sub-20<\/h2><\/div><\/div>\t\t\t\t<\/div>\n\t\t\t\t<\/div>\n\t\t\t\t<div class=\"elementor-element elementor-element-1e12472 elementor-widget elementor-widget-text-editor\" data-id=\"1e12472\" data-element_type=\"widget\" data-e-type=\"widget\" data-widget_type=\"text-editor.default\">\n\t\t\t\t<div class=\"elementor-widget-container\">\n\t\t\t\t\t\t\t\t\t<p class=\"font_8 wixui-rich-text__text\"><span class=\"wixui-rich-text__text\"><span style=\"font-weight: 400;\">The U20 national team program for young women and girls aims to develop athletes while promoting and increasing girl\u2019s participation in sport. <\/span>These athletes will look to represent Brasil in <a class=\"wixui-rich-text__text\" href=\"https:\/\/www.panamericanlacrosse.org\/events\" target=\"_blank\" rel=\"noreferrer noopener\">pan-americanos<\/a>\u00a0e\u00a0<a class=\"wixui-rich-text__text\" href=\"https:\/\/worldlacrosse.sport\/events\/\" target=\"_blank\" rel=\"noreferrer noopener\">mundiais.<\/a> events.<\/span><\/p><p><span style=\"font-weight: 400;\">A sele\u00e7\u00e3o sub-20 est\u00e1 aberta a todos os atletas de origem brasileira que jogam lacrosse e trabalha em estreita colabora\u00e7\u00e3o com as sele\u00e7\u00f5es nacionais seniores para impulsionar a participa\u00e7\u00e3o dos jovens, o desenvolvimento de talentos e promover a inclus\u00e3o, o fair play e a cidadania.<\/span><\/p>\t\t\t\t\t\t\t\t<\/div>\n\t\t\t\t<\/div>\n\t\t\t\t\t<\/div>\n\t\t<\/div>\n\t\t\t\t\t<\/div>\n\t\t<\/section>\n\t\t\t\t<section class=\"elementor-section elementor-top-section elementor-element elementor-element-a4851ba elementor-section-content-middle elementor-reverse-mobile elementor-section-full_width elementor-section-height-default elementor-section-height-default elementor-invisible\" data-id=\"a4851ba\" data-element_type=\"section\" data-e-type=\"section\" data-settings=\"{&quot;background_background&quot;:&quot;classic&quot;,&quot;animation&quot;:&quot;fadeIn&quot;,&quot;animation_delay&quot;:300}\">\n\t\t\t\t\t\t\t<div class=\"elementor-background-overlay\"><\/div>\n\t\t\t\t\t\t\t<div class=\"elementor-container elementor-column-gap-no\">\n\t\t\t\t\t<div class=\"elementor-column elementor-col-50 elementor-top-column elementor-element elementor-element-afb2438\" data-id=\"afb2438\" data-element_type=\"column\" data-e-type=\"column\" data-settings=\"{&quot;background_background&quot;:&quot;classic&quot;}\">\n\t\t\t<div class=\"elementor-widget-wrap elementor-element-populated\">\n\t\t\t\t\t\t<div class=\"elementor-element elementor-element-835e311 elementor-widget elementor-widget-elementskit-heading\" data-id=\"835e311\" data-element_type=\"widget\" data-e-type=\"widget\" data-settings=\"{&quot;_animation&quot;:&quot;none&quot;,&quot;_animation_delay&quot;:200}\" data-widget_type=\"elementskit-heading.default\">\n\t\t\t\t<div class=\"elementor-widget-container\">\n\t\t\t\t\t<div class=\"ekit-wid-con\" ><div class=\"ekit-heading elementskit-section-title-wraper text_left   ekit_heading_tablet-   ekit_heading_mobile-text_left\"><h3 class=\"elementskit-section-subtitle\">\n\t\t\t\t\t\tInicie uma nova jornada emocionante\n\t\t\t\t\t<\/h3><h2 class=\"ekit-heading--title elementskit-section-title\">JUNTE-SE \u00c0 EQUIPE<\/h2>\t\t\t\t<div class='ekit-heading__description'>\n\t\t\t\t\t<p>As atletas interessadas devem preencher o formul\u00e1rio a seguir e ser\u00e3o contatadas pela nossa equipe t\u00e9cnica<\/p>\n\t\t\t\t<\/div>\n\t\t\t<\/div><\/div>\t\t\t\t<\/div>\n\t\t\t\t<\/div>\n\t\t\t\t<div class=\"elementor-element elementor-element-459e1ee elementor-align-left elementor-align--mobilecenter elementor-widget elementor-widget-elementskit-button\" data-id=\"459e1ee\" data-element_type=\"widget\" data-e-type=\"widget\" data-settings=\"{&quot;_animation&quot;:&quot;none&quot;,&quot;_animation_delay&quot;:0}\" data-widget_type=\"elementskit-button.default\">\n\t\t\t\t<div class=\"elementor-widget-container\">\n\t\t\t\t\t<div class=\"ekit-wid-con\" >\t\t<div class=\"ekit-btn-wraper\">\n\t\t\t\t\t\t\t<a href=\"https:\/\/docs.google.com\/forms\/d\/e\/1FAIpQLSd1UmtpABIFiUzgcLzKqD89K31-oAyekqngLPdnrJzI0xmMIg\/viewform\" target=\"_blank\" class=\"elementskit-btn  whitespace--normal\" id=\"\">\n\t\t\t\t\tFormul\u00e1rio de Interesse\t\t\t\t<\/a>\n\t\t\t\t\t<\/div>\n        <\/div>\t\t\t\t<\/div>\n\t\t\t\t<\/div>\n\t\t\t\t\t<\/div>\n\t\t<\/div>\n\t\t\t\t<div class=\"elementor-column elementor-col-50 elementor-top-column elementor-element elementor-element-20f8fcc\" data-id=\"20f8fcc\" data-element_type=\"column\" data-e-type=\"column\" data-settings=\"{&quot;background_background&quot;:&quot;classic&quot;}\">\n\t\t\t<div class=\"elementor-widget-wrap elementor-element-populated\">\n\t\t\t\t\t\t<div class=\"elementor-element elementor-element-4cdc531 elementor-widget elementor-widget-spacer\" data-id=\"4cdc531\" data-element_type=\"widget\" data-e-type=\"widget\" data-widget_type=\"spacer.default\">\n\t\t\t\t<div class=\"elementor-widget-container\">\n\t\t\t\t\t\t\t<div class=\"elementor-spacer\">\n\t\t\t<div class=\"elementor-spacer-inner\"><\/div>\n\t\t<\/div>\n\t\t\t\t\t\t<\/div>\n\t\t\t\t<\/div>\n\t\t\t\t\t<\/div>\n\t\t<\/div>\n\t\t\t\t\t<\/div>\n\t\t<\/section>\n\t\t\t\t<\/div>","protected":false},"excerpt":{"rendered":"<p>CBL U20 Women U20 refers to the international under\u201120 women\u2019s age category, formerly U19. These teams compete in the World [&hellip;]<\/p>\n","protected":false},"author":1,"featured_media":0,"parent":0,"menu_order":0,"comment_status":"closed","ping_status":"closed","template":"elementor_header_footer","meta":{"site-sidebar-layout":"no-sidebar","site-content-layout":"","ast-site-content-layout":"full-width-container","site-content-style":"default","site-sidebar-style":"default","ast-global-header-display":"disabled","ast-banner-title-visibility":"disabled","ast-main-header-display":"","ast-hfb-above-header-display":"","ast-hfb-below-header-display":"","ast-hfb-mobile-header-display":"","site-post-title":"disabled","ast-breadcrumbs-content":"","ast-featured-img":"disabled","footer-sml-layout":"disabled","theme-transparent-header-meta":"","adv-header-id-meta":"","stick-header-meta":"","header-above-stick-meta":"","header-main-stick-meta":"","header-below-stick-meta":"","astra-migrate-meta-layouts":"default","ast-page-background-enabled":"default","ast-page-background-meta":{"desktop":{"background-color":"var(--ast-global-color-4)","background-image":"","background-repeat":"repeat","background-position":"center center","background-size":"auto","background-attachment":"scroll","background-type":"","background-media":"","overlay-type":"","overlay-color":"","overlay-gradient":""},"tablet":{"background-color":"","background-image":"","background-repeat":"repeat","background-position":"center center","background-size":"auto","background-attachment":"scroll","background-type":"","background-media":"","overlay-type":"","overlay-color":"","overlay-gradient":""},"mobile":{"background-color":"","background-image":"","background-repeat":"repeat","background-position":"center center","background-size":"auto","background-attachment":"scroll","background-type":"","background-media":"","overlay-type":"","overlay-color":"","overlay-gradient":""}},"ast-content-background-meta":{"desktop":{"background-color":"var(--ast-global-color-5)","background-image":"","background-repeat":"repeat","background-position":"center center","background-size":"auto","background-attachment":"scroll","background-type":"","background-media":"","overlay-type":"","overlay-color":"","overlay-gradient":""},"tablet":{"background-color":"var(--ast-global-color-5)","background-image":"","background-repeat":"repeat","background-position":"center center","background-size":"auto","background-attachment":"scroll","background-type":"","background-media":"","overlay-type":"","overlay-color":"","overlay-gradient":""},"mobile":{"background-color":"var(--ast-global-color-5)","background-image":"","background-repeat":"repeat","background-position":"center center","background-size":"auto","background-attachment":"scroll","background-type":"","background-media":"","overlay-type":"","overlay-color":"","overlay-gradient":""}},"footnotes":""},"class_list":["post-1828","page","type-page","status-publish","hentry"],"yoast_head":"<!-- This site is optimized with the Yoast SEO plugin v27.5 - https:\/\/yoast.com\/product\/yoast-seo-wordpress\/ -->\n<title>U20 Women - THE BRAZILIAN LACROSSE CONFEDERATION<\/title>\n<meta name=\"robots\" content=\"index, follow, max-snippet:-1, max-image-preview:large, max-video-preview:-1\" \/>\n<link rel=\"canonical\" href=\"https:\/\/brasillacrosse.com\/pt\/u20-women\/\" \/>\n<meta property=\"og:locale\" content=\"pt_BR\" \/>\n<meta property=\"og:type\" content=\"article\" \/>\n<meta property=\"og:title\" content=\"U20 Women - THE BRAZILIAN LACROSSE CONFEDERATION\" \/>\n<meta property=\"og:description\" content=\"CBL U20 Women U20 refers to the international under\u201120 women\u2019s age category, formerly U19. These teams compete in the World [&hellip;]\" \/>\n<meta property=\"og:url\" content=\"https:\/\/brasillacrosse.com\/pt\/u20-women\/\" \/>\n<meta property=\"og:site_name\" content=\"THE BRAZILIAN LACROSSE CONFEDERATION\" \/>\n<meta property=\"article:modified_time\" content=\"2026-04-17T09:17:59+00:00\" \/>\n<meta name=\"twitter:card\" content=\"summary_large_image\" \/>\n<meta name=\"twitter:label1\" content=\"Est. tempo de leitura\" \/>\n\t<meta name=\"twitter:data1\" content=\"1 minuto\" \/>\n<script type=\"application\/ld+json\" class=\"yoast-schema-graph\">{\"@context\":\"https:\\\/\\\/schema.org\",\"@graph\":[{\"@type\":\"WebPage\",\"@id\":\"https:\\\/\\\/brasillacrosse.com\\\/u20-women\\\/\",\"url\":\"https:\\\/\\\/brasillacrosse.com\\\/u20-women\\\/\",\"name\":\"U20 Women - THE BRAZILIAN LACROSSE CONFEDERATION\",\"isPartOf\":{\"@id\":\"https:\\\/\\\/brasillacrosse.com\\\/#website\"},\"datePublished\":\"2026-04-17T09:17:16+00:00\",\"dateModified\":\"2026-04-17T09:17:59+00:00\",\"breadcrumb\":{\"@id\":\"https:\\\/\\\/brasillacrosse.com\\\/u20-women\\\/#breadcrumb\"},\"inLanguage\":\"pt-BR\",\"potentialAction\":[{\"@type\":\"ReadAction\",\"target\":[\"https:\\\/\\\/brasillacrosse.com\\\/u20-women\\\/\"]}]},{\"@type\":\"BreadcrumbList\",\"@id\":\"https:\\\/\\\/brasillacrosse.com\\\/u20-women\\\/#breadcrumb\",\"itemListElement\":[{\"@type\":\"ListItem\",\"position\":1,\"name\":\"Home\",\"item\":\"https:\\\/\\\/brasillacrosse.com\\\/\"},{\"@type\":\"ListItem\",\"position\":2,\"name\":\"U20 Women\"}]},{\"@type\":\"WebSite\",\"@id\":\"https:\\\/\\\/brasillacrosse.com\\\/#website\",\"url\":\"https:\\\/\\\/brasillacrosse.com\\\/\",\"name\":\"THE BRAZILIAN LACROSSE CONFEDERATION\",\"description\":\"\",\"publisher\":{\"@id\":\"https:\\\/\\\/brasillacrosse.com\\\/#organization\"},\"potentialAction\":[{\"@type\":\"SearchAction\",\"target\":{\"@type\":\"EntryPoint\",\"urlTemplate\":\"https:\\\/\\\/brasillacrosse.com\\\/?s={search_term_string}\"},\"query-input\":{\"@type\":\"PropertyValueSpecification\",\"valueRequired\":true,\"valueName\":\"search_term_string\"}}],\"inLanguage\":\"pt-BR\"},{\"@type\":\"Organization\",\"@id\":\"https:\\\/\\\/brasillacrosse.com\\\/#organization\",\"name\":\"THE BRAZILIAN LACROSSE CONFEDERATION\",\"url\":\"https:\\\/\\\/brasillacrosse.com\\\/\",\"logo\":{\"@type\":\"ImageObject\",\"inLanguage\":\"pt-BR\",\"@id\":\"https:\\\/\\\/brasillacrosse.com\\\/#\\\/schema\\\/logo\\\/image\\\/\",\"url\":\"https:\\\/\\\/brasillacrosse.com\\\/wp-content\\\/uploads\\\/2024\\\/09\\\/cropped-BRL-logo-flaticon.png\",\"contentUrl\":\"https:\\\/\\\/brasillacrosse.com\\\/wp-content\\\/uploads\\\/2024\\\/09\\\/cropped-BRL-logo-flaticon.png\",\"width\":213,\"height\":212,\"caption\":\"THE BRAZILIAN LACROSSE CONFEDERATION\"},\"image\":{\"@id\":\"https:\\\/\\\/brasillacrosse.com\\\/#\\\/schema\\\/logo\\\/image\\\/\"}}]}<\/script>\n<!-- \/ Yoast SEO plugin. -->","yoast_head_json":{"title":"U20 Women - THE BRAZILIAN LACROSSE CONFEDERATION","robots":{"index":"index","follow":"follow","max-snippet":"max-snippet:-1","max-image-preview":"max-image-preview:large","max-video-preview":"max-video-preview:-1"},"canonical":"https:\/\/brasillacrosse.com\/pt\/u20-women\/","og_locale":"pt_BR","og_type":"article","og_title":"U20 Women - THE BRAZILIAN LACROSSE CONFEDERATION","og_description":"CBL U20 Women U20 refers to the international under\u201120 women\u2019s age category, formerly U19. These teams compete in the World [&hellip;]","og_url":"https:\/\/brasillacrosse.com\/pt\/u20-women\/","og_site_name":"THE BRAZILIAN LACROSSE CONFEDERATION","article_modified_time":"2026-04-17T09:17:59+00:00","twitter_card":"summary_large_image","twitter_misc":{"Est. tempo de leitura":"1 minuto"},"schema":{"@context":"https:\/\/schema.org","@graph":[{"@type":"WebPage","@id":"https:\/\/brasillacrosse.com\/u20-women\/","url":"https:\/\/brasillacrosse.com\/u20-women\/","name":"U20 Women - THE BRAZILIAN LACROSSE CONFEDERATION","isPartOf":{"@id":"https:\/\/brasillacrosse.com\/#website"},"datePublished":"2026-04-17T09:17:16+00:00","dateModified":"2026-04-17T09:17:59+00:00","breadcrumb":{"@id":"https:\/\/brasillacrosse.com\/u20-women\/#breadcrumb"},"inLanguage":"pt-BR","potentialAction":[{"@type":"ReadAction","target":["https:\/\/brasillacrosse.com\/u20-women\/"]}]},{"@type":"BreadcrumbList","@id":"https:\/\/brasillacrosse.com\/u20-women\/#breadcrumb","itemListElement":[{"@type":"ListItem","position":1,"name":"Home","item":"https:\/\/brasillacrosse.com\/"},{"@type":"ListItem","position":2,"name":"U20 Women"}]},{"@type":"WebSite","@id":"https:\/\/brasillacrosse.com\/#website","url":"https:\/\/brasillacrosse.com\/","name":"THE BRAZILIAN LACROSSE CONFEDERATION","description":"","publisher":{"@id":"https:\/\/brasillacrosse.com\/#organization"},"potentialAction":[{"@type":"SearchAction","target":{"@type":"EntryPoint","urlTemplate":"https:\/\/brasillacrosse.com\/?s={search_term_string}"},"query-input":{"@type":"PropertyValueSpecification","valueRequired":true,"valueName":"search_term_string"}}],"inLanguage":"pt-BR"},{"@type":"Organization","@id":"https:\/\/brasillacrosse.com\/#organization","name":"THE BRAZILIAN LACROSSE CONFEDERATION","url":"https:\/\/brasillacrosse.com\/","logo":{"@type":"ImageObject","inLanguage":"pt-BR","@id":"https:\/\/brasillacrosse.com\/#\/schema\/logo\/image\/","url":"https:\/\/brasillacrosse.com\/wp-content\/uploads\/2024\/09\/cropped-BRL-logo-flaticon.png","contentUrl":"https:\/\/brasillacrosse.com\/wp-content\/uploads\/2024\/09\/cropped-BRL-logo-flaticon.png","width":213,"height":212,"caption":"THE BRAZILIAN LACROSSE CONFEDERATION"},"image":{"@id":"https:\/\/brasillacrosse.com\/#\/schema\/logo\/image\/"}}]}},"_links":{"self":[{"href":"https:\/\/brasillacrosse.com\/pt\/wp-json\/wp\/v2\/pages\/1828","targetHints":{"allow":["GET"]}}],"collection":[{"href":"https:\/\/brasillacrosse.com\/pt\/wp-json\/wp\/v2\/pages"}],"about":[{"href":"https:\/\/brasillacrosse.com\/pt\/wp-json\/wp\/v2\/types\/page"}],"author":[{"embeddable":true,"href":"https:\/\/brasillacrosse.com\/pt\/wp-json\/wp\/v2\/users\/1"}],"replies":[{"embeddable":true,"href":"https:\/\/brasillacrosse.com\/pt\/wp-json\/wp\/v2\/comments?post=1828"}],"version-history":[{"count":9,"href":"https:\/\/brasillacrosse.com\/pt\/wp-json\/wp\/v2\/pages\/1828\/revisions"}],"predecessor-version":[{"id":1839,"href":"https:\/\/brasillacrosse.com\/pt\/wp-json\/wp\/v2\/pages\/1828\/revisions\/1839"}],"wp:attachment":[{"href":"https:\/\/brasillacrosse.com\/pt\/wp-json\/wp\/v2\/media?parent=1828"}],"curies":[{"name":"wp","href":"https:\/\/api.w.org\/{rel}","templated":true}]}}