{"id":973,"date":"2025-06-19T10:28:52","date_gmt":"2025-06-19T10:28:52","guid":{"rendered":"https:\/\/brasillacrosse.com\/?page_id=973"},"modified":"2026-04-17T09:09:01","modified_gmt":"2026-04-17T09:09:01","slug":"senior-men","status":"publish","type":"page","link":"https:\/\/brasillacrosse.com\/pt\/senior-men\/","title":{"rendered":"Sele\u00e7\u00e3o Masculina Adulta"},"content":{"rendered":"<div data-elementor-type=\"wp-page\" data-elementor-id=\"973\" class=\"elementor elementor-973\">\n\t\t\t\t\t\t<section class=\"elementor-section elementor-top-section elementor-element elementor-element-2853829 elementor-section-full_width elementor-section-height-default elementor-section-height-default\" data-id=\"2853829\" data-element_type=\"section\" data-e-type=\"section\" data-settings=\"{&quot;background_background&quot;:&quot;classic&quot;}\">\n\t\t\t\t\t\t\t<div class=\"elementor-background-overlay\"><\/div>\n\t\t\t\t\t\t\t<div class=\"elementor-container elementor-column-gap-default\">\n\t\t\t\t\t<div class=\"elementor-column elementor-col-100 elementor-top-column elementor-element elementor-element-40bd488\" data-id=\"40bd488\" data-element_type=\"column\" data-e-type=\"column\">\n\t\t\t<div class=\"elementor-widget-wrap elementor-element-populated\">\n\t\t\t\t\t\t<section class=\"elementor-section elementor-inner-section elementor-element elementor-element-4f07064 elementor-section-full_width elementor-section-height-default elementor-section-height-default\" data-id=\"4f07064\" data-element_type=\"section\" data-e-type=\"section\">\n\t\t\t\t\t\t<div class=\"elementor-container elementor-column-gap-default\">\n\t\t\t\t\t<div class=\"elementor-column elementor-col-100 elementor-inner-column elementor-element elementor-element-b282f17\" data-id=\"b282f17\" data-element_type=\"column\" data-e-type=\"column\">\n\t\t\t<div class=\"elementor-widget-wrap elementor-element-populated\">\n\t\t\t\t\t\t<div class=\"elementor-element elementor-element-5d49a14 elementor-widget elementor-widget-elementskit-heading\" data-id=\"5d49a14\" data-element_type=\"widget\" data-e-type=\"widget\" data-widget_type=\"elementskit-heading.default\">\n\t\t\t\t<div class=\"elementor-widget-container\">\n\t\t\t\t\t<div class=\"ekit-wid-con\" ><div class=\"ekit-heading elementskit-section-title-wraper text_center   ekit_heading_tablet-   ekit_heading_mobile-text_center\"><h3 class=\"elementskit-section-subtitle\">\n\t\t\t\t\t\tCBL\n\t\t\t\t\t<\/h3><h1 class=\"ekit-heading--title elementskit-section-title\">Sele\u00e7\u00e3o S\u00eanior Masculina da Confedera\u00e7\u00e3o Brasileira de Lacrosse<\/h1><div class=\"ekit_heading_separetor_wraper ekit_heading_elementskit-border-divider ekit-dotted\"><div class=\"elementskit-border-divider ekit-dotted\"><\/div><\/div><\/div><\/div>\t\t\t\t<\/div>\n\t\t\t\t<\/div>\n\t\t\t\t\t<\/div>\n\t\t<\/div>\n\t\t\t\t\t<\/div>\n\t\t<\/section>\n\t\t\t\t\t<\/div>\n\t\t<\/div>\n\t\t\t\t\t<\/div>\n\t\t<\/section>\n\t\t\t\t<section class=\"elementor-section elementor-top-section elementor-element elementor-element-ec334f0 elementor-reverse-tablet elementor-section-full_width elementor-section-height-default elementor-section-height-default\" data-id=\"ec334f0\" data-element_type=\"section\" data-e-type=\"section\">\n\t\t\t\t\t\t<div class=\"elementor-container elementor-column-gap-default\">\n\t\t\t\t\t<div class=\"elementor-column elementor-col-50 elementor-top-column elementor-element elementor-element-babab06\" data-id=\"babab06\" data-element_type=\"column\" data-e-type=\"column\">\n\t\t\t<div class=\"elementor-widget-wrap elementor-element-populated\">\n\t\t\t\t\t\t<div class=\"elementor-element elementor-element-c4f9e72 elementor-widget elementor-widget-elementskit-heading\" data-id=\"c4f9e72\" data-element_type=\"widget\" data-e-type=\"widget\" data-widget_type=\"elementskit-heading.default\">\n\t\t\t\t<div class=\"elementor-widget-container\">\n\t\t\t\t\t<div class=\"ekit-wid-con\" ><div class=\"ekit-heading elementskit-section-title-wraper text_left   ekit_heading_tablet-   ekit_heading_mobile-text_center\"><h2 class=\"ekit-heading--title elementskit-section-title\">Sele\u00e7\u00e3o Nacional Masculina<\/h2><\/div><\/div>\t\t\t\t<\/div>\n\t\t\t\t<\/div>\n\t\t\t\t<div class=\"elementor-element elementor-element-9075e5d elementor-widget elementor-widget-text-editor\" data-id=\"9075e5d\" data-element_type=\"widget\" data-e-type=\"widget\" data-widget_type=\"text-editor.default\">\n\t\t\t\t<div class=\"elementor-widget-container\">\n\t\t\t\t\t\t\t\t\t<p class=\"font_8 wixui-rich-text__text\"><span style=\"font-weight: 400;\">A Sele\u00e7\u00e3o Masculina trabalha para mostrar o esporte em seu mais alto n\u00edvel, em conjunto com a nossa sele\u00e7\u00e3o feminina, e representar o Brasil em eventos pan-americanos e mundiais. Ela est\u00e1 aberta a todos os atletas de origem brasileira que jogam lacrosse. As sele\u00e7\u00f5es nacionais seniores representam os melhores talentos da comunidade brasileira de lacrosse e n\u00e3o s\u00e3o apenas atletas, mas tamb\u00e9m embaixadores do nosso esporte, da nossa organiza\u00e7\u00e3o e do nosso pa\u00eds. Eles representam nossa vis\u00e3o, miss\u00e3o e garantem que nossos valores, como inclus\u00e3o, lealdade, fair play e cidadania, estejam na vanguarda de tudo o que fazem, tanto dentro quanto fora do campo. Eles s\u00e3o os pilares, modelos e catalisadores do desenvolvimento e crescimento das futuras gera\u00e7\u00f5es de lacrosseiros.<\/span><\/p>\t\t\t\t\t\t\t\t<\/div>\n\t\t\t\t<\/div>\n\t\t\t\t\t<\/div>\n\t\t<\/div>\n\t\t\t\t<div class=\"elementor-column elementor-col-50 elementor-top-column elementor-element elementor-element-41708c2\" data-id=\"41708c2\" data-element_type=\"column\" data-e-type=\"column\" data-settings=\"{&quot;background_background&quot;:&quot;classic&quot;}\">\n\t\t\t<div class=\"elementor-widget-wrap elementor-element-populated\">\n\t\t\t\t\t\t<div class=\"elementor-element elementor-element-915e608 elementor-widget elementor-widget-spacer\" data-id=\"915e608\" data-element_type=\"widget\" data-e-type=\"widget\" data-widget_type=\"spacer.default\">\n\t\t\t\t<div class=\"elementor-widget-container\">\n\t\t\t\t\t\t\t<div class=\"elementor-spacer\">\n\t\t\t<div class=\"elementor-spacer-inner\"><\/div>\n\t\t<\/div>\n\t\t\t\t\t\t<\/div>\n\t\t\t\t<\/div>\n\t\t\t\t\t<\/div>\n\t\t<\/div>\n\t\t\t\t\t<\/div>\n\t\t<\/section>\n\t\t\t\t<section class=\"elementor-section elementor-top-section elementor-element elementor-element-fa8f3c2 elementor-section-content-middle elementor-reverse-mobile elementor-section-full_width elementor-section-height-default elementor-section-height-default elementor-invisible\" data-id=\"fa8f3c2\" data-element_type=\"section\" data-e-type=\"section\" data-settings=\"{&quot;background_background&quot;:&quot;classic&quot;,&quot;animation&quot;:&quot;fadeIn&quot;,&quot;animation_delay&quot;:300,&quot;animation_mobile&quot;:&quot;none&quot;}\">\n\t\t\t\t\t\t\t<div class=\"elementor-background-overlay\"><\/div>\n\t\t\t\t\t\t\t<div class=\"elementor-container elementor-column-gap-no\">\n\t\t\t\t\t<div class=\"elementor-column elementor-col-50 elementor-top-column elementor-element elementor-element-bb829b0\" data-id=\"bb829b0\" data-element_type=\"column\" data-e-type=\"column\" data-settings=\"{&quot;background_background&quot;:&quot;classic&quot;}\">\n\t\t\t<div class=\"elementor-widget-wrap elementor-element-populated\">\n\t\t\t\t\t\t<div class=\"elementor-element elementor-element-b7a22eb elementor-widget elementor-widget-spacer\" data-id=\"b7a22eb\" data-element_type=\"widget\" data-e-type=\"widget\" data-widget_type=\"spacer.default\">\n\t\t\t\t<div class=\"elementor-widget-container\">\n\t\t\t\t\t\t\t<div class=\"elementor-spacer\">\n\t\t\t<div class=\"elementor-spacer-inner\"><\/div>\n\t\t<\/div>\n\t\t\t\t\t\t<\/div>\n\t\t\t\t<\/div>\n\t\t\t\t\t<\/div>\n\t\t<\/div>\n\t\t\t\t<div class=\"elementor-column elementor-col-50 elementor-top-column elementor-element elementor-element-e2c7cac\" data-id=\"e2c7cac\" data-element_type=\"column\" data-e-type=\"column\" data-settings=\"{&quot;background_background&quot;:&quot;classic&quot;}\">\n\t\t\t<div class=\"elementor-widget-wrap elementor-element-populated\">\n\t\t\t\t\t\t<div class=\"elementor-element elementor-element-6bddc8e elementor-widget elementor-widget-elementskit-heading\" data-id=\"6bddc8e\" data-element_type=\"widget\" data-e-type=\"widget\" data-settings=\"{&quot;_animation&quot;:&quot;none&quot;,&quot;_animation_delay&quot;:200}\" data-widget_type=\"elementskit-heading.default\">\n\t\t\t\t<div class=\"elementor-widget-container\">\n\t\t\t\t\t<div class=\"ekit-wid-con\" ><div class=\"ekit-heading elementskit-section-title-wraper text_left   ekit_heading_tablet-   ekit_heading_mobile-text_left\"><h3 class=\"elementskit-section-subtitle\">\n\t\t\t\t\t\tInicie uma nova jornada emocionante\n\t\t\t\t\t<\/h3><h2 class=\"ekit-heading--title elementskit-section-title\">JUNTE-SE \u00c0 EQUIPE<\/h2>\t\t\t\t<div class='ekit-heading__description'>\n\t\t\t\t\t<p>As atletas interessadas devem preencher o formul\u00e1rio a seguir e ser\u00e3o contatadas pela nossa equipe t\u00e9cnica<\/p>\n\t\t\t\t<\/div>\n\t\t\t<\/div><\/div>\t\t\t\t<\/div>\n\t\t\t\t<\/div>\n\t\t\t\t<div class=\"elementor-element elementor-element-55fb73b elementor-align-left elementor-align--mobilecenter elementor-widget-mobile__width-inherit elementor-widget elementor-widget-elementskit-button\" data-id=\"55fb73b\" data-element_type=\"widget\" data-e-type=\"widget\" data-settings=\"{&quot;_animation&quot;:&quot;none&quot;,&quot;_animation_delay&quot;:0}\" data-widget_type=\"elementskit-button.default\">\n\t\t\t\t<div class=\"elementor-widget-container\">\n\t\t\t\t\t<div class=\"ekit-wid-con\" >\t\t<div class=\"ekit-btn-wraper\">\n\t\t\t\t\t\t\t<a href=\"https:\/\/docs.google.com\/forms\/d\/e\/1FAIpQLSfFD_zTcpXSSG2JNe-GfD_w7WH-eZ8ZbQjmEmWuChuB5iDDWw\/viewform\" target=\"_blank\" class=\"elementskit-btn  whitespace--normal\" id=\"\">\n\t\t\t\t\tFormul\u00e1rio de Interesse\t\t\t\t<\/a>\n\t\t\t\t\t<\/div>\n        <\/div>\t\t\t\t<\/div>\n\t\t\t\t<\/div>\n\t\t\t\t\t<\/div>\n\t\t<\/div>\n\t\t\t\t\t<\/div>\n\t\t<\/section>\n\t\t\t\t<\/div>","protected":false},"excerpt":{"rendered":"<p>CBL Senior Men of the Brazilian Lacrosse Confederation Men\u2019s National Team The Sele\u00e7\u00e3o Masculina works to showcase the sport at [&hellip;]<\/p>\n","protected":false},"author":1,"featured_media":0,"parent":0,"menu_order":0,"comment_status":"closed","ping_status":"closed","template":"elementor_header_footer","meta":{"site-sidebar-layout":"no-sidebar","site-content-layout":"","ast-site-content-layout":"full-width-container","site-content-style":"default","site-sidebar-style":"default","ast-global-header-display":"","ast-banner-title-visibility":"","ast-main-header-display":"","ast-hfb-above-header-display":"","ast-hfb-below-header-display":"","ast-hfb-mobile-header-display":"","site-post-title":"disabled","ast-breadcrumbs-content":"","ast-featured-img":"disabled","footer-sml-layout":"","theme-transparent-header-meta":"","adv-header-id-meta":"","stick-header-meta":"","header-above-stick-meta":"","header-main-stick-meta":"","header-below-stick-meta":"","astra-migrate-meta-layouts":"default","ast-page-background-enabled":"default","ast-page-background-meta":{"desktop":{"background-color":"var(--ast-global-color-4)","background-image":"","background-repeat":"repeat","background-position":"center center","background-size":"auto","background-attachment":"scroll","background-type":"","background-media":"","overlay-type":"","overlay-color":"","overlay-gradient":""},"tablet":{"background-color":"","background-image":"","background-repeat":"repeat","background-position":"center center","background-size":"auto","background-attachment":"scroll","background-type":"","background-media":"","overlay-type":"","overlay-color":"","overlay-gradient":""},"mobile":{"background-color":"","background-image":"","background-repeat":"repeat","background-position":"center center","background-size":"auto","background-attachment":"scroll","background-type":"","background-media":"","overlay-type":"","overlay-color":"","overlay-gradient":""}},"ast-content-background-meta":{"desktop":{"background-color":"var(--ast-global-color-5)","background-image":"","background-repeat":"repeat","background-position":"center center","background-size":"auto","background-attachment":"scroll","background-type":"","background-media":"","overlay-type":"","overlay-color":"","overlay-gradient":""},"tablet":{"background-color":"var(--ast-global-color-5)","background-image":"","background-repeat":"repeat","background-position":"center center","background-size":"auto","background-attachment":"scroll","background-type":"","background-media":"","overlay-type":"","overlay-color":"","overlay-gradient":""},"mobile":{"background-color":"var(--ast-global-color-5)","background-image":"","background-repeat":"repeat","background-position":"center center","background-size":"auto","background-attachment":"scroll","background-type":"","background-media":"","overlay-type":"","overlay-color":"","overlay-gradient":""}},"footnotes":""},"class_list":["post-973","page","type-page","status-publish","hentry"],"yoast_head":"<!-- This site is optimized with the Yoast SEO plugin v27.5 - https:\/\/yoast.com\/product\/yoast-seo-wordpress\/ -->\n<title>Senior Men - THE BRAZILIAN LACROSSE CONFEDERATION<\/title>\n<meta name=\"description\" content=\"Discover the senior men of the Brazilian Lacrosse Confederation (CBL): coaches, officials and leaders advancing the sport across Brazil.\" \/>\n<meta name=\"robots\" content=\"index, follow, max-snippet:-1, max-image-preview:large, max-video-preview:-1\" \/>\n<link rel=\"canonical\" href=\"https:\/\/brasillacrosse.com\/pt\/senior-men\/\" \/>\n<meta property=\"og:locale\" content=\"pt_BR\" \/>\n<meta property=\"og:type\" content=\"article\" \/>\n<meta property=\"og:title\" content=\"Senior Men - THE BRAZILIAN LACROSSE CONFEDERATION\" \/>\n<meta property=\"og:description\" content=\"Discover the senior men of the Brazilian Lacrosse Confederation (CBL): coaches, officials and leaders advancing the sport across Brazil.\" \/>\n<meta property=\"og:url\" content=\"https:\/\/brasillacrosse.com\/pt\/senior-men\/\" \/>\n<meta property=\"og:site_name\" content=\"THE BRAZILIAN LACROSSE CONFEDERATION\" \/>\n<meta property=\"article:modified_time\" content=\"2026-04-17T09:09:01+00:00\" \/>\n<meta name=\"twitter:card\" content=\"summary_large_image\" \/>\n<meta name=\"twitter:label1\" content=\"Est. tempo de leitura\" \/>\n\t<meta name=\"twitter:data1\" content=\"1 minuto\" \/>\n<script type=\"application\/ld+json\" class=\"yoast-schema-graph\">{\"@context\":\"https:\\\/\\\/schema.org\",\"@graph\":[{\"@type\":\"WebPage\",\"@id\":\"https:\\\/\\\/brasillacrosse.com\\\/senior-men\\\/\",\"url\":\"https:\\\/\\\/brasillacrosse.com\\\/senior-men\\\/\",\"name\":\"Senior Men - THE BRAZILIAN LACROSSE CONFEDERATION\",\"isPartOf\":{\"@id\":\"https:\\\/\\\/brasillacrosse.com\\\/#website\"},\"datePublished\":\"2025-06-19T10:28:52+00:00\",\"dateModified\":\"2026-04-17T09:09:01+00:00\",\"description\":\"Discover the senior men of the Brazilian Lacrosse Confederation (CBL): coaches, officials and leaders advancing the sport across Brazil.\",\"breadcrumb\":{\"@id\":\"https:\\\/\\\/brasillacrosse.com\\\/senior-men\\\/#breadcrumb\"},\"inLanguage\":\"pt-BR\",\"potentialAction\":[{\"@type\":\"ReadAction\",\"target\":[\"https:\\\/\\\/brasillacrosse.com\\\/senior-men\\\/\"]}]},{\"@type\":\"BreadcrumbList\",\"@id\":\"https:\\\/\\\/brasillacrosse.com\\\/senior-men\\\/#breadcrumb\",\"itemListElement\":[{\"@type\":\"ListItem\",\"position\":1,\"name\":\"Home\",\"item\":\"https:\\\/\\\/brasillacrosse.com\\\/\"},{\"@type\":\"ListItem\",\"position\":2,\"name\":\"Senior Men\"}]},{\"@type\":\"WebSite\",\"@id\":\"https:\\\/\\\/brasillacrosse.com\\\/#website\",\"url\":\"https:\\\/\\\/brasillacrosse.com\\\/\",\"name\":\"THE BRAZILIAN LACROSSE CONFEDERATION\",\"description\":\"\",\"publisher\":{\"@id\":\"https:\\\/\\\/brasillacrosse.com\\\/#organization\"},\"potentialAction\":[{\"@type\":\"SearchAction\",\"target\":{\"@type\":\"EntryPoint\",\"urlTemplate\":\"https:\\\/\\\/brasillacrosse.com\\\/?s={search_term_string}\"},\"query-input\":{\"@type\":\"PropertyValueSpecification\",\"valueRequired\":true,\"valueName\":\"search_term_string\"}}],\"inLanguage\":\"pt-BR\"},{\"@type\":\"Organization\",\"@id\":\"https:\\\/\\\/brasillacrosse.com\\\/#organization\",\"name\":\"THE BRAZILIAN LACROSSE CONFEDERATION\",\"url\":\"https:\\\/\\\/brasillacrosse.com\\\/\",\"logo\":{\"@type\":\"ImageObject\",\"inLanguage\":\"pt-BR\",\"@id\":\"https:\\\/\\\/brasillacrosse.com\\\/#\\\/schema\\\/logo\\\/image\\\/\",\"url\":\"https:\\\/\\\/brasillacrosse.com\\\/wp-content\\\/uploads\\\/2024\\\/09\\\/cropped-BRL-logo-flaticon.png\",\"contentUrl\":\"https:\\\/\\\/brasillacrosse.com\\\/wp-content\\\/uploads\\\/2024\\\/09\\\/cropped-BRL-logo-flaticon.png\",\"width\":213,\"height\":212,\"caption\":\"THE BRAZILIAN LACROSSE CONFEDERATION\"},\"image\":{\"@id\":\"https:\\\/\\\/brasillacrosse.com\\\/#\\\/schema\\\/logo\\\/image\\\/\"}}]}<\/script>\n<!-- \/ Yoast SEO plugin. -->","yoast_head_json":{"title":"Senior Men - THE BRAZILIAN LACROSSE CONFEDERATION","description":"Discover the senior men of the Brazilian Lacrosse Confederation (CBL): coaches, officials and leaders advancing the sport across Brazil.","robots":{"index":"index","follow":"follow","max-snippet":"max-snippet:-1","max-image-preview":"max-image-preview:large","max-video-preview":"max-video-preview:-1"},"canonical":"https:\/\/brasillacrosse.com\/pt\/senior-men\/","og_locale":"pt_BR","og_type":"article","og_title":"Senior Men - THE BRAZILIAN LACROSSE CONFEDERATION","og_description":"Discover the senior men of the Brazilian Lacrosse Confederation (CBL): coaches, officials and leaders advancing the sport across Brazil.","og_url":"https:\/\/brasillacrosse.com\/pt\/senior-men\/","og_site_name":"THE BRAZILIAN LACROSSE CONFEDERATION","article_modified_time":"2026-04-17T09:09:01+00:00","twitter_card":"summary_large_image","twitter_misc":{"Est. tempo de leitura":"1 minuto"},"schema":{"@context":"https:\/\/schema.org","@graph":[{"@type":"WebPage","@id":"https:\/\/brasillacrosse.com\/senior-men\/","url":"https:\/\/brasillacrosse.com\/senior-men\/","name":"Senior Men - THE BRAZILIAN LACROSSE CONFEDERATION","isPartOf":{"@id":"https:\/\/brasillacrosse.com\/#website"},"datePublished":"2025-06-19T10:28:52+00:00","dateModified":"2026-04-17T09:09:01+00:00","description":"Discover the senior men of the Brazilian Lacrosse Confederation (CBL): coaches, officials and leaders advancing the sport across Brazil.","breadcrumb":{"@id":"https:\/\/brasillacrosse.com\/senior-men\/#breadcrumb"},"inLanguage":"pt-BR","potentialAction":[{"@type":"ReadAction","target":["https:\/\/brasillacrosse.com\/senior-men\/"]}]},{"@type":"BreadcrumbList","@id":"https:\/\/brasillacrosse.com\/senior-men\/#breadcrumb","itemListElement":[{"@type":"ListItem","position":1,"name":"Home","item":"https:\/\/brasillacrosse.com\/"},{"@type":"ListItem","position":2,"name":"Senior Men"}]},{"@type":"WebSite","@id":"https:\/\/brasillacrosse.com\/#website","url":"https:\/\/brasillacrosse.com\/","name":"THE BRAZILIAN LACROSSE CONFEDERATION","description":"","publisher":{"@id":"https:\/\/brasillacrosse.com\/#organization"},"potentialAction":[{"@type":"SearchAction","target":{"@type":"EntryPoint","urlTemplate":"https:\/\/brasillacrosse.com\/?s={search_term_string}"},"query-input":{"@type":"PropertyValueSpecification","valueRequired":true,"valueName":"search_term_string"}}],"inLanguage":"pt-BR"},{"@type":"Organization","@id":"https:\/\/brasillacrosse.com\/#organization","name":"THE BRAZILIAN LACROSSE CONFEDERATION","url":"https:\/\/brasillacrosse.com\/","logo":{"@type":"ImageObject","inLanguage":"pt-BR","@id":"https:\/\/brasillacrosse.com\/#\/schema\/logo\/image\/","url":"https:\/\/brasillacrosse.com\/wp-content\/uploads\/2024\/09\/cropped-BRL-logo-flaticon.png","contentUrl":"https:\/\/brasillacrosse.com\/wp-content\/uploads\/2024\/09\/cropped-BRL-logo-flaticon.png","width":213,"height":212,"caption":"THE BRAZILIAN LACROSSE CONFEDERATION"},"image":{"@id":"https:\/\/brasillacrosse.com\/#\/schema\/logo\/image\/"}}]}},"_links":{"self":[{"href":"https:\/\/brasillacrosse.com\/pt\/wp-json\/wp\/v2\/pages\/973","targetHints":{"allow":["GET"]}}],"collection":[{"href":"https:\/\/brasillacrosse.com\/pt\/wp-json\/wp\/v2\/pages"}],"about":[{"href":"https:\/\/brasillacrosse.com\/pt\/wp-json\/wp\/v2\/types\/page"}],"author":[{"embeddable":true,"href":"https:\/\/brasillacrosse.com\/pt\/wp-json\/wp\/v2\/users\/1"}],"replies":[{"embeddable":true,"href":"https:\/\/brasillacrosse.com\/pt\/wp-json\/wp\/v2\/comments?post=973"}],"version-history":[{"count":43,"href":"https:\/\/brasillacrosse.com\/pt\/wp-json\/wp\/v2\/pages\/973\/revisions"}],"predecessor-version":[{"id":1811,"href":"https:\/\/brasillacrosse.com\/pt\/wp-json\/wp\/v2\/pages\/973\/revisions\/1811"}],"wp:attachment":[{"href":"https:\/\/brasillacrosse.com\/pt\/wp-json\/wp\/v2\/media?parent=973"}],"curies":[{"name":"wp","href":"https:\/\/api.w.org\/{rel}","templated":true}]}}